{"id":5836,"date":"2022-05-14T20:13:51","date_gmt":"2022-05-14T18:13:51","guid":{"rendered":"https:\/\/www.donau-ybbsfeld.at\/blog\/?page_id=5836"},"modified":"2022-06-12T11:54:32","modified_gmt":"2022-06-12T09:54:32","slug":"flyer","status":"publish","type":"page","link":"https:\/\/www.donau-ybbsfeld.at\/blog\/flyer\/","title":{"rendered":"Flyer"},"content":{"rendered":"<div style=\"width: 74%; min-width: 280px; margin: auto;\">\n<p>Gerade im Themenfeld &#8222;Gesundheit &amp; Soziales&#8220; sind die sechs Partnergemeinden der Kleinregion Donau-Ybbsfeld schon seit vielen Jahren gut vernetzt. Eine wesentliche Aufgabe der SozialkoordinatorInnen aus den Partnergemeinden stellt dabei das Informationsmanagement zu gemeinde\u00fcbergreifenden Angeboten dar. Damit werden kommunale Synergien im Bereich &#8222;Gesundheit &amp; Soziales&#8220; zum Wohle der Bev\u00f6lkerung genutzt, um der gesamten Kleinregion Donau-Ybbsfeld ein umfangreicheres Angebot zur Verf\u00fcgung zu stellen.<\/p>\n<p>Seit 2020 wird im Mai\/Juni eines Jahres ein gemeinsamer Prospekt (Sommerflyer) im Mittelteil der Gemeindezeitungen publiziert, der den B\u00fcrgerinnen und B\u00fcrgern dieses kleinregionale Angebot zu einem bestimmten Themenschwerpunkt in kompakter Form zur Kenntnis bringt. Die SozialkoordinatorInnen der Kleinregion erheben die Daten f\u00fcr den Sommerflyer in ihren jeweiligen Gemeinden in Eigenregie und durch den Druck des Flyers als eingebundener Bestandteil der Gemeindezeitungen, ist der Kostenaufwand insgesamt sehr gering. Wir w\u00fcnschen viel Spa\u00df beim Entdecken unserer gro\u00dfen Angebotspalette innerhalb der Kleinregion Donau-Ybbsfeld.<\/p>\n<\/div>\n<p>&nbsp;<\/p>\n<h1><strong>Gesundheitsbetriebe 2022<\/strong><\/h1>\n<p><a href=\"https:\/\/www.donau-ybbsfeld.at\/blog\/wp-content\/uploads\/gesundheitsangebot_kleinregion_2022_A3.pdf\" target=\"_blank\" rel=\"noopener\"><strong>&gt;&gt; Download Flyer Gesundheitsbetriebe 2022 der Kleinregion<\/strong><\/a><\/p>\n<a href=\"https:\/\/www.donau-ybbsfeld.at\/blog\/wp-content\/uploads\/gesundheitsangebot_kleinregion_2022_A3.pdf\" class=\"pdfemb-viewer\" style=\"\" data-width=\"max\" data-height=\"max\" data-toolbar=\"both\" data-toolbar-fixed=\"on\">gesundheitsangebot_kleinregion_2022_A3<\/a>\n<h1><strong>Regionalerzeuger 2021<\/strong><\/h1>\n<p><a href=\"https:\/\/www.donau-ybbsfeld.at\/blog\/wp-content\/uploads\/regionalerzeuger_kleinregion_2021_A3_online.pdf\" target=\"_blank\" rel=\"noopener\"><strong>&gt;&gt; Download Flyer Regionalerzeuger 2021 der Kleinregion<\/strong><\/a><\/p>\n<a href=\"https:\/\/www.donau-ybbsfeld.at\/blog\/wp-content\/uploads\/regionalerzeuger_kleinregion_2021_A3_online.pdf\" class=\"pdfemb-viewer\" style=\"\" data-width=\"max\" data-height=\"max\" data-toolbar=\"both\" data-toolbar-fixed=\"on\">regionalerzeuger_kleinregion_2021_A3_online<\/a>\n<h1><strong>Ausflugsziele 2020<\/strong><\/h1>\n<p><a href=\"https:\/\/www.donau-ybbsfeld.at\/blog\/wp-content\/uploads\/sommer_2020_KR_Donau_Ybbsfeld.pdf\" target=\"_blank\" rel=\"noopener\"><strong>&gt;&gt; Download Flyer Ausflugsziele 2020 der Kleinregion<\/strong><\/a><\/p>\n<a href=\"https:\/\/www.donau-ybbsfeld.at\/blog\/wp-content\/uploads\/sommer_2020_KR_Donau_Ybbsfeld.pdf\" class=\"pdfemb-viewer\" style=\"\" data-width=\"max\" data-height=\"max\" data-toolbar=\"both\" data-toolbar-fixed=\"on\">sommer_2020_KR_Donau_Ybbsfeld<\/a>\n","protected":false},"excerpt":{"rendered":"<p>Gerade im Themenfeld &#8222;Gesundheit &amp; Soziales&#8220; sind die sechs Partnergemeinden der Kleinregion Donau-Ybbsfeld schon seit vielen Jahren gut vernetzt. Eine wesentliche Aufgabe der SozialkoordinatorInnen aus den Partnergemeinden stellt dabei das Informationsmanagement zu gemeinde\u00fcbergreifenden Angeboten dar. Damit werden kommunale<\/p>\n<p><a class=\"more-link\" href=\"https:\/\/www.donau-ybbsfeld.at\/blog\/flyer\/\">Weiterlesen<\/a><\/p>\n","protected":false},"author":1,"featured_media":0,"parent":0,"menu_order":0,"comment_status":"closed","ping_status":"closed","template":"page-templates\/full-width.php","meta":{"footnotes":""},"class_list":["post-5836","page","type-page","status-publish","hentry"],"_links":{"self":[{"href":"https:\/\/www.donau-ybbsfeld.at\/blog\/wp-json\/wp\/v2\/pages\/5836","targetHints":{"allow":["GET"]}}],"collection":[{"href":"https:\/\/www.donau-ybbsfeld.at\/blog\/wp-json\/wp\/v2\/pages"}],"about":[{"href":"https:\/\/www.donau-ybbsfeld.at\/blog\/wp-json\/wp\/v2\/types\/page"}],"author":[{"embeddable":true,"href":"https:\/\/www.donau-ybbsfeld.at\/blog\/wp-json\/wp\/v2\/users\/1"}],"replies":[{"embeddable":true,"href":"https:\/\/www.donau-ybbsfeld.at\/blog\/wp-json\/wp\/v2\/comments?post=5836"}],"version-history":[{"count":34,"href":"https:\/\/www.donau-ybbsfeld.at\/blog\/wp-json\/wp\/v2\/pages\/5836\/revisions"}],"predecessor-version":[{"id":5906,"href":"https:\/\/www.donau-ybbsfeld.at\/blog\/wp-json\/wp\/v2\/pages\/5836\/revisions\/5906"}],"wp:attachment":[{"href":"https:\/\/www.donau-ybbsfeld.at\/blog\/wp-json\/wp\/v2\/media?parent=5836"}],"curies":[{"name":"wp","href":"https:\/\/api.w.org\/{rel}","templated":true}]}}