{"id":925,"date":"2018-08-14T20:14:37","date_gmt":"2018-08-14T18:14:37","guid":{"rendered":"https:\/\/www.donau-ybbsfeld.at\/blog\/?page_id=925"},"modified":"2018-08-15T08:50:41","modified_gmt":"2018-08-15T06:50:41","slug":"datenschutz","status":"publish","type":"page","link":"https:\/\/www.donau-ybbsfeld.at\/blog\/datenschutz\/","title":{"rendered":"Datenschutz"},"content":{"rendered":"<p><b>Name der Datenverarbeitung: &#8222;Helferb\u00f6rse der Kleinregion Donau-Ybbsfeld&#8220;<\/b><\/p>\n<p><b>Rechtsgrundlage Einwilligung<\/b><\/p>\n<p>Sie haben uns Daten \u00fcber sich freiwillig zur Verf\u00fcgung gestellt und wir verarbeiten diese Daten auf Grundlage Ihrer Einwilligung zu folgenden Zwecken:<\/p>\n<p><b>Kontaktdaten Helferb\u00f6rse &#8211; Angebot &#038; Nachfrage<\/b><\/p>\n<p>Sie k\u00f6nnen diese Einwilligung jederzeit widerrufen. Ein Widerruf hat zur Folge, dass wir Ihre Daten ab diesem Zeitpunkt zu oben genannten Zwecken nicht mehr verarbeiten. F\u00fcr einen Widerruf wenden Sie sich bitte an: Martina Gaind, donau.ybbsfeld(at)gmail.com<\/p>\n<p><b>Speicherdauer\/L\u00f6schungsfrist<\/b><\/p>\n<p>Wir speichern Ihre Daten f\u00fcr die Dauer von 10 Jahren. Ihre Daten werden nicht an Dritte weitergegeben.<\/p>\n<p><b>Kontakt<\/b><\/p>\n<p>Sie erreichen uns unter folgenden Kontaktdaten: Kleinregion Donau-Ybbsfeld, BGM DI Hannes Pressl, gemeinde(at)ardagger.gv.at<\/p>\n<p><b>Rechtsbehelfsbelehrung<\/b><\/p>\n<p>Ihnen stehen grunds\u00e4tzlich die Rechte auf Auskunft, Berichtigung, L\u00f6schung, Einschr\u00e4nkung, Daten\u00fcbertragbarkeit und Widerspruch zu. Daf\u00fcr wenden Sie sich an uns.<\/p>\n<p>Wenn Sie glauben, dass die Verarbeitung Ihrer Daten gegen das Datenschutzrecht verst\u00f6\u00dft oder Ihre datenschutzrechtlichen Anspr\u00fcche sonst in einer Weise verletzt worden sind, k\u00f6nnen Sie sich bei der Aufsichtsbeh\u00f6rde beschweren. In \u00d6sterreich ist die Datenschutzbeh\u00f6rde zust\u00e4ndig.<\/p>\n<p>++++++++++++++++++++++++++++++++++++++++++++++++++++++++++++++++++++++++++++++++++++++<\/p>\n","protected":false},"excerpt":{"rendered":"<p>Name der Datenverarbeitung: &#8222;Helferb\u00f6rse der Kleinregion Donau-Ybbsfeld&#8220; Rechtsgrundlage Einwilligung Sie haben uns Daten \u00fcber sich freiwillig zur Verf\u00fcgung gestellt und wir verarbeiten diese Daten auf Grundlage Ihrer Einwilligung zu folgenden Zwecken: Kontaktdaten Helferb\u00f6rse &#8211; Angebot &#038; Nachfrage Sie<\/p>\n<p><a class=\"more-link\" href=\"https:\/\/www.donau-ybbsfeld.at\/blog\/datenschutz\/\">Weiterlesen<\/a><\/p>\n","protected":false},"author":1,"featured_media":0,"parent":0,"menu_order":0,"comment_status":"closed","ping_status":"closed","template":"page-templates\/full-width.php","meta":{"footnotes":""},"class_list":["post-925","page","type-page","status-publish","hentry"],"_links":{"self":[{"href":"https:\/\/www.donau-ybbsfeld.at\/blog\/wp-json\/wp\/v2\/pages\/925","targetHints":{"allow":["GET"]}}],"collection":[{"href":"https:\/\/www.donau-ybbsfeld.at\/blog\/wp-json\/wp\/v2\/pages"}],"about":[{"href":"https:\/\/www.donau-ybbsfeld.at\/blog\/wp-json\/wp\/v2\/types\/page"}],"author":[{"embeddable":true,"href":"https:\/\/www.donau-ybbsfeld.at\/blog\/wp-json\/wp\/v2\/users\/1"}],"replies":[{"embeddable":true,"href":"https:\/\/www.donau-ybbsfeld.at\/blog\/wp-json\/wp\/v2\/comments?post=925"}],"version-history":[{"count":7,"href":"https:\/\/www.donau-ybbsfeld.at\/blog\/wp-json\/wp\/v2\/pages\/925\/revisions"}],"predecessor-version":[{"id":945,"href":"https:\/\/www.donau-ybbsfeld.at\/blog\/wp-json\/wp\/v2\/pages\/925\/revisions\/945"}],"wp:attachment":[{"href":"https:\/\/www.donau-ybbsfeld.at\/blog\/wp-json\/wp\/v2\/media?parent=925"}],"curies":[{"name":"wp","href":"https:\/\/api.w.org\/{rel}","templated":true}]}}